{"id":118,"date":"2023-10-07T14:06:47","date_gmt":"2023-10-07T14:06:47","guid":{"rendered":"https:\/\/espoonkalajarvi.fi\/?page_id=118"},"modified":"2024-12-30T10:41:18","modified_gmt":"2024-12-30T10:41:18","slug":"tiekunta","status":"publish","type":"page","link":"https:\/\/espoonkalajarvi.fi\/index.php\/tiekunta\/","title":{"rendered":"Tiekunta"},"content":{"rendered":"\n<p><\/p>\n\n\n\n<p>Espoon Kalaj\u00e4rven tiehoitukunta vastaa Kalaj\u00e4rventien ja J\u00e4rvit\u00f6rm\u00e4n kaava-alueen ulkopuolisen osuuden hallinnoinnista. Monelle tien varrella asuvalle saattaa olla yll\u00e4tys, ett\u00e4 tiet eiv\u00e4t edelleenk\u00e4\u00e4n ole Espoon kaupungin hallinnassa, vaan kuuluvat tiekunnalle. Tiekunta on tehnyt kaupungin kanssa toistaiseksi voimassa olevan hoitosopimuksen, jonka perusteella kaupunki huolehtii kaduista kuin omistaan. Sopimus on kuitenkin kaupungin yksipuolisesti irtisanottavissa, koska vain!<\/p>\n\n\n\n<p>Kalaj\u00e4rven ymp\u00e4rille rakennetut tiet on tehty talkoovoimin 1950-luvun loppupuolella. Tien pohjalle on k\u00e4rr\u00e4tty kaikenlaista materiaalia, hirsip\u00f6llit mukaanlukien. Siksi on varsin uskomatonta, ett\u00e4 tie kantaa t\u00e4n\u00e4 p\u00e4iv\u00e4n\u00e4 raskaat loka-autot ja kaiken sen liikenteen jota kymmenien talouksien p\u00e4ivitt\u00e4iset asioinnit vaativat.\u00a0<\/p>\n\n\n\n<p>Viel\u00e4 2000-luvulle tultaessa tie oli sorapinnalla ja tiekunta ker\u00e4si osakkailta Vihdintien risteyksest\u00e4 et\u00e4isyyden perusteella laskettua hoitomaksua sen mukaan kuinka monta autoa taloudessa oli. Tiekunta huolehti itse talvikunnossapidosta ja sorapinnan s\u00e4\u00e4nn\u00f6llisest\u00e4 hoidosta.<\/p>\n\n\n\n<p>Varsinaisten hoitot\u00f6iden siirrytty\u00e4 kaupungin harteille, tiekunta on paketoitu naftaliiniin. Tiekunnalla ei t\u00e4ll\u00e4 hetkell\u00e4 ole toimivaa hallintoa, ei vastuuhenkil\u00f6it\u00e4, eik\u00e4 varsinaista toimintaa. Tiekunnan ainoa n\u00e4kyv\u00e4 toiminnan kohde on Kalaj\u00e4rventien ja Kalaj\u00e4rvenpuistotien risteykseen pystytetty py\u00f6r\u00e4katos, jonka yll\u00e4pitotalkoot j\u00e4rjestet\u00e4\u00e4n aika-ajoin. Tiekuntaa voidaan k\u00e4ytt\u00e4\u00e4 tarvittaessa my\u00f6s asukkaiden etuj\u00e4rjest\u00f6n\u00e4 kaavoitukseen, rakentamiseen ja liikennesuunnitteluun liittyviss\u00e4 asioissa. \u00a0<\/p>\n","protected":false},"excerpt":{"rendered":"<p>Kalaj\u00e4rventien kaava-alueen ulkopuolisen osuuden ja J\u00e4rvit\u00f6rm\u00e4n tiekunta<\/p>\n","protected":false},"author":1,"featured_media":329,"parent":0,"menu_order":0,"comment_status":"closed","ping_status":"closed","template":"","meta":{"footnotes":""},"class_list":["post-118","page","type-page","status-publish","has-post-thumbnail","hentry"],"_links":{"self":[{"href":"https:\/\/espoonkalajarvi.fi\/index.php\/wp-json\/wp\/v2\/pages\/118","targetHints":{"allow":["GET"]}}],"collection":[{"href":"https:\/\/espoonkalajarvi.fi\/index.php\/wp-json\/wp\/v2\/pages"}],"about":[{"href":"https:\/\/espoonkalajarvi.fi\/index.php\/wp-json\/wp\/v2\/types\/page"}],"author":[{"embeddable":true,"href":"https:\/\/espoonkalajarvi.fi\/index.php\/wp-json\/wp\/v2\/users\/1"}],"replies":[{"embeddable":true,"href":"https:\/\/espoonkalajarvi.fi\/index.php\/wp-json\/wp\/v2\/comments?post=118"}],"version-history":[{"count":6,"href":"https:\/\/espoonkalajarvi.fi\/index.php\/wp-json\/wp\/v2\/pages\/118\/revisions"}],"predecessor-version":[{"id":368,"href":"https:\/\/espoonkalajarvi.fi\/index.php\/wp-json\/wp\/v2\/pages\/118\/revisions\/368"}],"wp:featuredmedia":[{"embeddable":true,"href":"https:\/\/espoonkalajarvi.fi\/index.php\/wp-json\/wp\/v2\/media\/329"}],"wp:attachment":[{"href":"https:\/\/espoonkalajarvi.fi\/index.php\/wp-json\/wp\/v2\/media?parent=118"}],"curies":[{"name":"wp","href":"https:\/\/api.w.org\/{rel}","templated":true}]}}