{"id":177,"date":"2023-10-07T18:14:32","date_gmt":"2023-10-07T18:14:32","guid":{"rendered":"https:\/\/espoonkalajarvi.fi\/?page_id=177"},"modified":"2024-11-06T17:11:18","modified_gmt":"2024-11-06T17:11:18","slug":"kotisivu","status":"publish","type":"page","link":"https:\/\/espoonkalajarvi.fi\/","title":{"rendered":""},"content":{"rendered":"\n<div class=\"wp-block-media-text is-stacked-on-mobile\" style=\"grid-template-columns:44% auto\"><figure class=\"wp-block-media-text__media\"><img loading=\"lazy\" decoding=\"async\" width=\"1024\" height=\"699\" src=\"https:\/\/espoonkalajarvi.fi\/wp-content\/uploads\/2024\/11\/IMG_3145-1-1024x699.jpg\" alt=\"\" class=\"wp-image-336 size-full\" srcset=\"https:\/\/espoonkalajarvi.fi\/wp-content\/uploads\/2024\/11\/IMG_3145-1-1024x699.jpg 1024w, https:\/\/espoonkalajarvi.fi\/wp-content\/uploads\/2024\/11\/IMG_3145-1-300x205.jpg 300w, https:\/\/espoonkalajarvi.fi\/wp-content\/uploads\/2024\/11\/IMG_3145-1-768x524.jpg 768w, https:\/\/espoonkalajarvi.fi\/wp-content\/uploads\/2024\/11\/IMG_3145-1-1536x1048.jpg 1536w, https:\/\/espoonkalajarvi.fi\/wp-content\/uploads\/2024\/11\/IMG_3145-1-2048x1397.jpg 2048w\" sizes=\"auto, (max-width: 1024px) 100vw, 1024px\" \/><\/figure><div class=\"wp-block-media-text__content\">\n<p>Espoon Kalaj\u00e4rvi sijaitsee Pohjois Espoossa, Vihdintien varrella. J\u00e4rven ymp\u00e4rist\u00f6ss\u00e4 on runsaasti ainutlaatuisia luontokohteita ja mielenkiintoista historiaa. <\/p>\n\n\n\n<p>L\u00f6yd\u00e4t viimeisimm\u00e4t Kalaj\u00e4rvest\u00e4 kertovat tarinat oheisesta juttuarkistosta.<\/p>\n<\/div><\/div>\n\n\n\n<p><\/p>\n\n\n\n<p>J\u00e4rven rannat lohkottiin R\u00f6yl\u00e4n hovinkartanon maista 1950-luvun alussa kes\u00e4m\u00f6kkitonteiksi. Pula-ajan kokeneet kes\u00e4lomalaiset rakensivat talkootoimin tiet ja kes\u00e4m\u00f6kkins\u00e4 j\u00e4rven rannoille. Sukupolvien vaihtuessa toisiin, m\u00f6kkitonteille on noussut hulppeita omakotitaloja upeisiin suomalaisiin er\u00e4maamaisemiin &#8211; vain 20km p\u00e4\u00e4ss\u00e4 eduskuntatalon portailta.<\/p>\n\n\n\n<p>J\u00e4rven ymp\u00e4rist\u00f6 muodostaa edelleen ainutlaatuisen kyl\u00e4yhteis\u00f6n, jossa kaikki tuntevat toisensa. Vaikka j\u00e4rven pohjoisp\u00e4\u00e4h\u00e4n rakennetaan kiihtyv\u00e4ll\u00e4 tahdilla uusia taloja, yhteist\u00e4 talkoohenke\u00e4 pidet\u00e4\u00e4n yll\u00e4 perinteisten yhdistysten toimesta. R\u00f6yl\u00e4n kalastuskunta huolehtii j\u00e4rven ja ymp\u00e4rist\u00f6n edunvalvonnasta, Kalaj\u00e4rven tiehoitokunta huolehtii ett\u00e4 kulkuyhtedet toimivat ja perusteilla oleva j\u00e4rven etel\u00e4p\u00e4\u00e4n vesiosuuskunta pyrkii tuomaan kunnalistekniikan haja-asutusalueellekin.<\/p>\n\n\n\n<div class=\"wp-block-media-text is-stacked-on-mobile\" style=\"grid-template-columns:20% auto\"><figure class=\"wp-block-media-text__media\"><img loading=\"lazy\" decoding=\"async\" width=\"1024\" height=\"803\" src=\"https:\/\/espoonkalajarvi.fi\/wp-content\/uploads\/2024\/11\/image-1024x803.jpeg\" alt=\"\" class=\"wp-image-347 size-full\" srcset=\"https:\/\/espoonkalajarvi.fi\/wp-content\/uploads\/2024\/11\/image-1024x803.jpeg 1024w, https:\/\/espoonkalajarvi.fi\/wp-content\/uploads\/2024\/11\/image-300x235.jpeg 300w, https:\/\/espoonkalajarvi.fi\/wp-content\/uploads\/2024\/11\/image-768x602.jpeg 768w, https:\/\/espoonkalajarvi.fi\/wp-content\/uploads\/2024\/11\/image.jpeg 1280w\" sizes=\"auto, (max-width: 1024px) 100vw, 1024px\" \/><\/figure><div class=\"wp-block-media-text__content\">\n<p>Kalahaukat on Kalaj\u00e4rvel\u00e4isten oma partiolippukunta.  Toimintaa on Kalaj\u00e4rvell\u00e4 ja Kurkij\u00e4rven maastossa olevalla Hoilaarin k\u00e4mp\u00e4ll\u00e4. Lis\u00e4tietoja l\u00f6ytyy sivulta <a href=\"https:\/\/www.kalahaukat.fi\/\">kalahaukat.fi<\/a><\/p>\n<\/div><\/div>\n\n\n\n<hr class=\"wp-block-separator has-alpha-channel-opacity\"\/>\n\n\n\n<div class=\"wp-block-media-text is-stacked-on-mobile\" style=\"grid-template-columns:20% auto\"><figure class=\"wp-block-media-text__media\"><img loading=\"lazy\" decoding=\"async\" width=\"960\" height=\"640\" src=\"https:\/\/espoonkalajarvi.fi\/wp-content\/uploads\/2024\/11\/IMG_4701.jpg\" alt=\"\" class=\"wp-image-346 size-full\" srcset=\"https:\/\/espoonkalajarvi.fi\/wp-content\/uploads\/2024\/11\/IMG_4701.jpg 960w, https:\/\/espoonkalajarvi.fi\/wp-content\/uploads\/2024\/11\/IMG_4701-300x200.jpg 300w, https:\/\/espoonkalajarvi.fi\/wp-content\/uploads\/2024\/11\/IMG_4701-768x512.jpg 768w\" sizes=\"auto, (max-width: 960px) 100vw, 960px\" \/><\/figure><div class=\"wp-block-media-text__content\">\n<p>Radius One on Kalaj\u00e4rven j\u00e4rvit\u00f6rm\u00e4ll\u00e4 harjoitteleva bileb\u00e4ndi, joka tarjoaa musiikkiel\u00e4myksi\u00e4 kaikenlaisiin tilaisuuksiin.  Yhteystiedot l\u00f6yd\u00e4t osoittesta <a href=\"https:\/\/www.facebook.com\/RadiusOneBand\">facebook.com\/RadiusOneBand<\/a>. <\/p>\n<\/div><\/div>\n\n\n\n<p><\/p>\n","protected":false},"excerpt":{"rendered":"<p>Espoon Kalaj\u00e4rvi sijaitsee Pohjois Espoossa, Vihdintien varrella. J\u00e4rven ymp\u00e4rist\u00f6ss\u00e4 on runsaasti ainutlaatuisia luontokohteita ja mielenkiintoista historiaa. L\u00f6yd\u00e4t viimeisimm\u00e4t Kalaj\u00e4rvest\u00e4 kertovat tarinat oheisesta juttuarkistosta. J\u00e4rven rannat lohkottiin R\u00f6yl\u00e4n hovinkartanon maista 1950-luvun alussa kes\u00e4m\u00f6kkitonteiksi. Pula-ajan kokeneet kes\u00e4lomalaiset rakensivat talkootoimin tiet ja kes\u00e4m\u00f6kkins\u00e4 j\u00e4rven rannoille. Sukupolvien vaihtuessa toisiin, m\u00f6kkitonteille on noussut hulppeita omakotitaloja upeisiin suomalaisiin er\u00e4maamaisemiin &#8211; vain [&hellip;]<\/p>\n","protected":false},"author":1,"featured_media":0,"parent":0,"menu_order":0,"comment_status":"closed","ping_status":"closed","template":"","meta":{"footnotes":""},"class_list":["post-177","page","type-page","status-publish","hentry"],"_links":{"self":[{"href":"https:\/\/espoonkalajarvi.fi\/index.php\/wp-json\/wp\/v2\/pages\/177","targetHints":{"allow":["GET"]}}],"collection":[{"href":"https:\/\/espoonkalajarvi.fi\/index.php\/wp-json\/wp\/v2\/pages"}],"about":[{"href":"https:\/\/espoonkalajarvi.fi\/index.php\/wp-json\/wp\/v2\/types\/page"}],"author":[{"embeddable":true,"href":"https:\/\/espoonkalajarvi.fi\/index.php\/wp-json\/wp\/v2\/users\/1"}],"replies":[{"embeddable":true,"href":"https:\/\/espoonkalajarvi.fi\/index.php\/wp-json\/wp\/v2\/comments?post=177"}],"version-history":[{"count":19,"href":"https:\/\/espoonkalajarvi.fi\/index.php\/wp-json\/wp\/v2\/pages\/177\/revisions"}],"predecessor-version":[{"id":349,"href":"https:\/\/espoonkalajarvi.fi\/index.php\/wp-json\/wp\/v2\/pages\/177\/revisions\/349"}],"wp:attachment":[{"href":"https:\/\/espoonkalajarvi.fi\/index.php\/wp-json\/wp\/v2\/media?parent=177"}],"curies":[{"name":"wp","href":"https:\/\/api.w.org\/{rel}","templated":true}]}}