{"id":216,"date":"2024-09-08T18:10:04","date_gmt":"2024-09-08T18:10:04","guid":{"rendered":"https:\/\/espoonkalajarvi.fi\/?page_id=216"},"modified":"2025-10-19T19:15:22","modified_gmt":"2025-10-19T19:15:22","slug":"vesiosuuskunta","status":"publish","type":"page","link":"https:\/\/espoonkalajarvi.fi\/index.php\/vesiosuuskunta\/","title":{"rendered":"Vesiosuuskunta"},"content":{"rendered":"\n<p>Kalaj\u00e4rven vesiosuuskunta tarjoaa vesi- ja j\u00e4tevesihuoltopalveluja Kalaj\u00e4rventien ja J\u00e4rvit\u00f6rm\u00e4n kiinteist\u00f6ille. Osuuskunnan j\u00e4senyys on vapaaehtoinen, k\u00e4yt\u00e4nn\u00f6ss\u00e4 noin 2\/3 kiinteist\u00f6ist\u00e4 on liittynyt osuuskuntaan. Varsinaisten k\u00e4ytt\u00f6sopimusten lis\u00e4ksi kiinteist\u00f6ille on tarjottu mahdollisuus valmiuteen, mik\u00e4li varsinaista k\u00e4ytt\u00f6tarvetta ei viel\u00e4 ole. Valmiusliittyj\u00e4t ovat maksaneet osuutensa runkolinjan rakentamisesta ja saaneet tonttiliittym\u00e4n, mutta vett\u00e4 ja viem\u00e4ri\u00e4 ei ole kytketty kiinteist\u00f6\u00f6n.<\/p>\n\n\n\n<p> Vesilinja rakennettiin kes\u00e4ll\u00e4 2025, yhteisty\u00f6ss\u00e4 Carunan kanssa. Samalla kaivamisella alueen s\u00e4hk\u00f6t saatiin maahan ja jokavuotiset lumi- ja tuulivahinkojen aiheuttamat s\u00e4hk\u00f6katkot ovat j\u00e4\u00e4m\u00e4ss\u00e4 historiaan. Tilaisuutta k\u00e4ytettiin my\u00f6s Kalaj\u00e4rventien levent\u00e4miseen niilt\u00e4 kohdin kun tie oli k\u00e4yt\u00e4nn\u00f6ss\u00e4 yksikaistainen. Lopulliset tien pinnoitukset ja maiseman viimeistelyty\u00f6t tehd\u00e4\u00e4n kes\u00e4ll\u00e4 2026<\/p>\n\n\n\n<p><\/p>\n\n\n\n<p> <\/p>\n\n\n\n<p> <\/p>\n\n\n\n<p><\/p>\n","protected":false},"excerpt":{"rendered":"<p>Kalaj\u00e4rventien ja J\u00e4rvit\u00f6rm\u00e4n vesiosuuskunta<\/p>\n","protected":false},"author":2,"featured_media":298,"parent":0,"menu_order":0,"comment_status":"closed","ping_status":"closed","template":"","meta":{"footnotes":""},"class_list":["post-216","page","type-page","status-publish","has-post-thumbnail","hentry"],"_links":{"self":[{"href":"https:\/\/espoonkalajarvi.fi\/index.php\/wp-json\/wp\/v2\/pages\/216","targetHints":{"allow":["GET"]}}],"collection":[{"href":"https:\/\/espoonkalajarvi.fi\/index.php\/wp-json\/wp\/v2\/pages"}],"about":[{"href":"https:\/\/espoonkalajarvi.fi\/index.php\/wp-json\/wp\/v2\/types\/page"}],"author":[{"embeddable":true,"href":"https:\/\/espoonkalajarvi.fi\/index.php\/wp-json\/wp\/v2\/users\/2"}],"replies":[{"embeddable":true,"href":"https:\/\/espoonkalajarvi.fi\/index.php\/wp-json\/wp\/v2\/comments?post=216"}],"version-history":[{"count":6,"href":"https:\/\/espoonkalajarvi.fi\/index.php\/wp-json\/wp\/v2\/pages\/216\/revisions"}],"predecessor-version":[{"id":426,"href":"https:\/\/espoonkalajarvi.fi\/index.php\/wp-json\/wp\/v2\/pages\/216\/revisions\/426"}],"wp:featuredmedia":[{"embeddable":true,"href":"https:\/\/espoonkalajarvi.fi\/index.php\/wp-json\/wp\/v2\/media\/298"}],"wp:attachment":[{"href":"https:\/\/espoonkalajarvi.fi\/index.php\/wp-json\/wp\/v2\/media?parent=216"}],"curies":[{"name":"wp","href":"https:\/\/api.w.org\/{rel}","templated":true}]}}